{"id":3104,"date":"2023-08-23T10:08:18","date_gmt":"2023-08-23T10:08:18","guid":{"rendered":"https:\/\/necotox.de\/?page_id=3104"},"modified":"2023-08-23T10:14:22","modified_gmt":"2023-08-23T10:14:22","slug":"consultation-success","status":"publish","type":"page","link":"https:\/\/necotox.de\/en\/consultation-success\/","title":{"rendered":"Thank you"},"content":{"rendered":"<div data-elementor-type=\"wp-page\" data-elementor-id=\"3104\" class=\"elementor elementor-3104\" data-elementor-post-type=\"page\">\n\t\t\t\t<div class=\"elementor-element elementor-element-7fb3948 e-flex e-con-boxed elementor-repeater-item-default_padding elementor-repeater-item-none elementor-repeater-item-none_hover e-con e-parent\" data-id=\"7fb3948\" data-element_type=\"container\" data-settings=\"{&quot;ang_container_spacing_size&quot;:&quot;default_padding&quot;}\" data-core-v316-plus=\"true\">\n\t\t\t\t\t<div class=\"e-con-inner\">\n\t\t\t\t<div class=\"elementor-element elementor-element-a55a2e5 elementor-repeater-item-none elementor-repeater-item-none_hover elementor-widget elementor-widget-spacer\" data-id=\"a55a2e5\" data-element_type=\"widget\" data-widget_type=\"spacer.default\">\n\t\t\t\t<div class=\"elementor-widget-container\">\n\t\t\t<style>\/*! elementor - v3.20.0 - 13-03-2024 *\/\n.elementor-column .elementor-spacer-inner{height:var(--spacer-size)}.e-con{--container-widget-width:100%}.e-con-inner>.elementor-widget-spacer,.e-con>.elementor-widget-spacer{width:var(--container-widget-width,var(--spacer-size));--align-self:var(--container-widget-align-self,initial);--flex-shrink:0}.e-con-inner>.elementor-widget-spacer>.elementor-widget-container,.e-con>.elementor-widget-spacer>.elementor-widget-container{height:100%;width:100%}.e-con-inner>.elementor-widget-spacer>.elementor-widget-container>.elementor-spacer,.e-con>.elementor-widget-spacer>.elementor-widget-container>.elementor-spacer{height:100%}.e-con-inner>.elementor-widget-spacer>.elementor-widget-container>.elementor-spacer>.elementor-spacer-inner,.e-con>.elementor-widget-spacer>.elementor-widget-container>.elementor-spacer>.elementor-spacer-inner{height:var(--container-widget-height,var(--spacer-size))}.e-con-inner>.elementor-widget-spacer.elementor-widget-empty,.e-con>.elementor-widget-spacer.elementor-widget-empty{position:relative;min-height:22px;min-width:22px}.e-con-inner>.elementor-widget-spacer.elementor-widget-empty .elementor-widget-empty-icon,.e-con>.elementor-widget-spacer.elementor-widget-empty .elementor-widget-empty-icon{position:absolute;top:0;bottom:0;left:0;right:0;margin:auto;padding:0;width:22px;height:22px}<\/style>\t\t<div class=\"elementor-spacer\">\n\t\t\t<div class=\"elementor-spacer-inner\"><\/div>\n\t\t<\/div>\n\t\t\t\t<\/div>\n\t\t\t\t<\/div>\n\t\t\t\t<div class=\"elementor-element elementor-element-91afd19 elementor-repeater-item-none elementor-repeater-item-none_hover elementor-widget elementor-widget-heading\" data-id=\"91afd19\" data-element_type=\"widget\" data-widget_type=\"heading.default\">\n\t\t\t\t<div class=\"elementor-widget-container\">\n\t\t\t<style>\/*! elementor - v3.20.0 - 13-03-2024 *\/\n.elementor-heading-title{padding:0;margin:0;line-height:1}.elementor-widget-heading .elementor-heading-title[class*=elementor-size-]>a{color:inherit;font-size:inherit;line-height:inherit}.elementor-widget-heading .elementor-heading-title.elementor-size-small{font-size:15px}.elementor-widget-heading .elementor-heading-title.elementor-size-medium{font-size:19px}.elementor-widget-heading .elementor-heading-title.elementor-size-large{font-size:29px}.elementor-widget-heading .elementor-heading-title.elementor-size-xl{font-size:39px}.elementor-widget-heading .elementor-heading-title.elementor-size-xxl{font-size:59px}<\/style><h2 class=\"elementor-heading-title elementor-size-default\">Thank you for your request<\/h2>\t\t<\/div>\n\t\t\t\t<\/div>\n\t\t\t\t\t<\/div>\n\t\t\t\t<\/div>\n\t\t<div class=\"elementor-element elementor-element-6d1b99e e-flex e-con-boxed elementor-repeater-item-default_padding elementor-repeater-item-none elementor-repeater-item-none_hover e-con e-parent\" data-id=\"6d1b99e\" data-element_type=\"container\" data-settings=\"{&quot;ang_container_spacing_size&quot;:&quot;default_padding&quot;}\" data-core-v316-plus=\"true\">\n\t\t\t\t\t<div class=\"e-con-inner\">\n\t\t\t\t<div class=\"elementor-element elementor-element-59dfb2c elementor-repeater-item-none elementor-repeater-item-none_hover elementor-widget elementor-widget-spacer\" data-id=\"59dfb2c\" data-element_type=\"widget\" data-widget_type=\"spacer.default\">\n\t\t\t\t<div class=\"elementor-widget-container\">\n\t\t\t\t\t<div class=\"elementor-spacer\">\n\t\t\t<div class=\"elementor-spacer-inner\"><\/div>\n\t\t<\/div>\n\t\t\t\t<\/div>\n\t\t\t\t<\/div>\n\t\t\t\t<div class=\"elementor-element elementor-element-6c88170 elementor-repeater-item-none elementor-repeater-item-none_hover elementor-widget elementor-widget-text-editor\" data-id=\"6c88170\" data-element_type=\"widget\" data-widget_type=\"text-editor.default\">\n\t\t\t\t<div class=\"elementor-widget-container\">\n\t\t\t<style>\/*! elementor - v3.20.0 - 13-03-2024 *\/\n.elementor-widget-text-editor.elementor-drop-cap-view-stacked .elementor-drop-cap{background-color:#69727d;color:#fff}.elementor-widget-text-editor.elementor-drop-cap-view-framed .elementor-drop-cap{color:#69727d;border:3px solid;background-color:transparent}.elementor-widget-text-editor:not(.elementor-drop-cap-view-default) .elementor-drop-cap{margin-top:8px}.elementor-widget-text-editor:not(.elementor-drop-cap-view-default) .elementor-drop-cap-letter{width:1em;height:1em}.elementor-widget-text-editor .elementor-drop-cap{float:left;text-align:center;line-height:1;font-size:50px}.elementor-widget-text-editor .elementor-drop-cap-letter{display:inline-block}<\/style>\t\t\t\t<p style=\"text-align: center;\">We will contact you by telephone at the agreed time for the free consultation. Please ensure that you are available and in a quiet environment at the chosen time.<\/p><p style=\"text-align: center;\">I look forward to the personal conversation!<\/p><p style=\"text-align: center;\">Best regards<br \/>Ricki Rosenfeldt<\/p>\t\t\t\t\t\t<\/div>\n\t\t\t\t<\/div>\n\t\t\t\t<div class=\"elementor-element elementor-element-93447f2 elementor-repeater-item-none elementor-repeater-item-none_hover elementor-widget elementor-widget-spacer\" data-id=\"93447f2\" data-element_type=\"widget\" data-widget_type=\"spacer.default\">\n\t\t\t\t<div class=\"elementor-widget-container\">\n\t\t\t\t\t<div class=\"elementor-spacer\">\n\t\t\t<div class=\"elementor-spacer-inner\"><\/div>\n\t\t<\/div>\n\t\t\t\t<\/div>\n\t\t\t\t<\/div>\n\t\t\t\t\t<\/div>\n\t\t\t\t<\/div>\n\t\t\t\t<\/div>","protected":false},"excerpt":{"rendered":"<p>Vielen Dank f\u00fcr Ihre Anfrage Wir werden Sie zum vereinbarten Termin f\u00fcr die kostenfreie Beratung telefonisch kontaktieren. Bitte stellen Sie sicher, dass zum gew\u00e4hlten Termin erreichbar und in einer ruhigen Umgebung sind. Ich freue mich auf das pers\u00f6nliche Gespr\u00e4ch! Beste Gr\u00fc\u00dfe,Ricki Rosenfeldt<\/p>","protected":false},"author":8,"featured_media":1385,"parent":0,"menu_order":0,"comment_status":"closed","ping_status":"closed","template":"","meta":{"footnotes":""},"class_list":["post-3104","page","type-page","status-publish","has-post-thumbnail","hentry"],"yoast_head":"<!-- This site is optimized with the Yoast SEO plugin v23.8 - https:\/\/yoast.com\/wordpress\/plugins\/seo\/ -->\n<title>Danke - nEcoTox<\/title>\n<meta name=\"robots\" content=\"index, follow, max-snippet:-1, max-image-preview:large, max-video-preview:-1\" \/>\n<link rel=\"canonical\" href=\"https:\/\/necotox.de\/en\/consultation-success\/\" \/>\n<meta property=\"og:locale\" content=\"en_US\" \/>\n<meta property=\"og:type\" content=\"article\" \/>\n<meta property=\"og:title\" content=\"Danke - nEcoTox\" \/>\n<meta property=\"og:description\" content=\"Vielen Dank f\u00fcr Ihre Anfrage Wir werden Sie zum vereinbarten Termin f\u00fcr die kostenfreie Beratung telefonisch kontaktieren. Bitte stellen Sie sicher, dass zum gew\u00e4hlten Termin erreichbar und in einer ruhigen Umgebung sind. Ich freue mich auf das pers\u00f6nliche Gespr\u00e4ch! Beste Gr\u00fc\u00dfe,Ricki Rosenfeldt\" \/>\n<meta property=\"og:url\" content=\"https:\/\/necotox.de\/en\/consultation-success\/\" \/>\n<meta property=\"og:site_name\" content=\"nEcoTox\" \/>\n<meta property=\"article:modified_time\" content=\"2023-08-23T10:14:22+00:00\" \/>\n<meta property=\"og:image\" content=\"https:\/\/etcdck5h37s.exactdn.com\/wp-content\/uploads\/2023\/07\/Ecotoxicology.jpeg?strip=all&lossy=1&ssl=1\" \/>\n\t<meta property=\"og:image:width\" content=\"791\" \/>\n\t<meta property=\"og:image:height\" content=\"316\" \/>\n\t<meta property=\"og:image:type\" content=\"image\/jpeg\" \/>\n<meta name=\"twitter:card\" content=\"summary_large_image\" \/>\n<script type=\"application\/ld+json\" class=\"yoast-schema-graph\">{\"@context\":\"https:\/\/schema.org\",\"@graph\":[{\"@type\":\"WebPage\",\"@id\":\"https:\/\/necotox.de\/consultation-success\/\",\"url\":\"https:\/\/necotox.de\/consultation-success\/\",\"name\":\"Danke - nEcoTox\",\"isPartOf\":{\"@id\":\"https:\/\/necotox.de\/#website\"},\"primaryImageOfPage\":{\"@id\":\"https:\/\/necotox.de\/consultation-success\/#primaryimage\"},\"image\":{\"@id\":\"https:\/\/necotox.de\/consultation-success\/#primaryimage\"},\"thumbnailUrl\":\"https:\/\/etcdck5h37s.exactdn.com\/wp-content\/uploads\/2023\/07\/Ecotoxicology.jpeg?strip=all&lossy=1&ssl=1\",\"datePublished\":\"2023-08-23T10:08:18+00:00\",\"dateModified\":\"2023-08-23T10:14:22+00:00\",\"breadcrumb\":{\"@id\":\"https:\/\/necotox.de\/consultation-success\/#breadcrumb\"},\"inLanguage\":\"en-US\",\"potentialAction\":[{\"@type\":\"ReadAction\",\"target\":[\"https:\/\/necotox.de\/consultation-success\/\"]}]},{\"@type\":\"ImageObject\",\"inLanguage\":\"en-US\",\"@id\":\"https:\/\/necotox.de\/consultation-success\/#primaryimage\",\"url\":\"https:\/\/etcdck5h37s.exactdn.com\/wp-content\/uploads\/2023\/07\/Ecotoxicology.jpeg?strip=all&lossy=1&ssl=1\",\"contentUrl\":\"https:\/\/etcdck5h37s.exactdn.com\/wp-content\/uploads\/2023\/07\/Ecotoxicology.jpeg?strip=all&lossy=1&ssl=1\",\"width\":791,\"height\":316,\"caption\":\"a river running through a forest\"},{\"@type\":\"BreadcrumbList\",\"@id\":\"https:\/\/necotox.de\/consultation-success\/#breadcrumb\",\"itemListElement\":[{\"@type\":\"ListItem\",\"position\":1,\"name\":\"Startseite\",\"item\":\"https:\/\/necotox.de\/\"},{\"@type\":\"ListItem\",\"position\":2,\"name\":\"Danke\"}]},{\"@type\":\"WebSite\",\"@id\":\"https:\/\/necotox.de\/#website\",\"url\":\"https:\/\/necotox.de\/\",\"name\":\"nEcoTox\",\"description\":\"We test nanomaterials.\",\"publisher\":{\"@id\":\"https:\/\/necotox.de\/#organization\"},\"potentialAction\":[{\"@type\":\"SearchAction\",\"target\":{\"@type\":\"EntryPoint\",\"urlTemplate\":\"https:\/\/necotox.de\/?s={search_term_string}\"},\"query-input\":{\"@type\":\"PropertyValueSpecification\",\"valueRequired\":true,\"valueName\":\"search_term_string\"}}],\"inLanguage\":\"en-US\"},{\"@type\":\"Organization\",\"@id\":\"https:\/\/necotox.de\/#organization\",\"name\":\"nEcoTox\",\"url\":\"https:\/\/necotox.de\/\",\"logo\":{\"@type\":\"ImageObject\",\"inLanguage\":\"en-US\",\"@id\":\"https:\/\/necotox.de\/#\/schema\/logo\/image\/\",\"url\":\"https:\/\/etcdck5h37s.exactdn.com\/wp-content\/uploads\/2022\/09\/LogoHeaderAppelezLeTech2020-2.png?strip=all&lossy=1&ssl=1\",\"contentUrl\":\"https:\/\/etcdck5h37s.exactdn.com\/wp-content\/uploads\/2022\/09\/LogoHeaderAppelezLeTech2020-2.png?strip=all&lossy=1&ssl=1\",\"width\":198,\"height\":96,\"caption\":\"nEcoTox\"},\"image\":{\"@id\":\"https:\/\/necotox.de\/#\/schema\/logo\/image\/\"}}]}<\/script>\n<!-- \/ Yoast SEO plugin. -->","yoast_head_json":{"title":"Danke - nEcoTox","robots":{"index":"index","follow":"follow","max-snippet":"max-snippet:-1","max-image-preview":"max-image-preview:large","max-video-preview":"max-video-preview:-1"},"canonical":"https:\/\/necotox.de\/en\/consultation-success\/","og_locale":"en_US","og_type":"article","og_title":"Danke - nEcoTox","og_description":"Vielen Dank f\u00fcr Ihre Anfrage Wir werden Sie zum vereinbarten Termin f\u00fcr die kostenfreie Beratung telefonisch kontaktieren. Bitte stellen Sie sicher, dass zum gew\u00e4hlten Termin erreichbar und in einer ruhigen Umgebung sind. Ich freue mich auf das pers\u00f6nliche Gespr\u00e4ch! Beste Gr\u00fc\u00dfe,Ricki Rosenfeldt","og_url":"https:\/\/necotox.de\/en\/consultation-success\/","og_site_name":"nEcoTox","article_modified_time":"2023-08-23T10:14:22+00:00","og_image":[{"width":791,"height":316,"url":"https:\/\/etcdck5h37s.exactdn.com\/wp-content\/uploads\/2023\/07\/Ecotoxicology.jpeg?strip=all&lossy=1&ssl=1","type":"image\/jpeg"}],"twitter_card":"summary_large_image","schema":{"@context":"https:\/\/schema.org","@graph":[{"@type":"WebPage","@id":"https:\/\/necotox.de\/consultation-success\/","url":"https:\/\/necotox.de\/consultation-success\/","name":"Danke - nEcoTox","isPartOf":{"@id":"https:\/\/necotox.de\/#website"},"primaryImageOfPage":{"@id":"https:\/\/necotox.de\/consultation-success\/#primaryimage"},"image":{"@id":"https:\/\/necotox.de\/consultation-success\/#primaryimage"},"thumbnailUrl":"https:\/\/etcdck5h37s.exactdn.com\/wp-content\/uploads\/2023\/07\/Ecotoxicology.jpeg?strip=all&lossy=1&ssl=1","datePublished":"2023-08-23T10:08:18+00:00","dateModified":"2023-08-23T10:14:22+00:00","breadcrumb":{"@id":"https:\/\/necotox.de\/consultation-success\/#breadcrumb"},"inLanguage":"en-US","potentialAction":[{"@type":"ReadAction","target":["https:\/\/necotox.de\/consultation-success\/"]}]},{"@type":"ImageObject","inLanguage":"en-US","@id":"https:\/\/necotox.de\/consultation-success\/#primaryimage","url":"https:\/\/etcdck5h37s.exactdn.com\/wp-content\/uploads\/2023\/07\/Ecotoxicology.jpeg?strip=all&lossy=1&ssl=1","contentUrl":"https:\/\/etcdck5h37s.exactdn.com\/wp-content\/uploads\/2023\/07\/Ecotoxicology.jpeg?strip=all&lossy=1&ssl=1","width":791,"height":316,"caption":"a river running through a forest"},{"@type":"BreadcrumbList","@id":"https:\/\/necotox.de\/consultation-success\/#breadcrumb","itemListElement":[{"@type":"ListItem","position":1,"name":"Startseite","item":"https:\/\/necotox.de\/"},{"@type":"ListItem","position":2,"name":"Danke"}]},{"@type":"WebSite","@id":"https:\/\/necotox.de\/#website","url":"https:\/\/necotox.de\/","name":"nEcoTox","description":"We test nanomaterials.","publisher":{"@id":"https:\/\/necotox.de\/#organization"},"potentialAction":[{"@type":"SearchAction","target":{"@type":"EntryPoint","urlTemplate":"https:\/\/necotox.de\/?s={search_term_string}"},"query-input":{"@type":"PropertyValueSpecification","valueRequired":true,"valueName":"search_term_string"}}],"inLanguage":"en-US"},{"@type":"Organization","@id":"https:\/\/necotox.de\/#organization","name":"nEcoTox","url":"https:\/\/necotox.de\/","logo":{"@type":"ImageObject","inLanguage":"en-US","@id":"https:\/\/necotox.de\/#\/schema\/logo\/image\/","url":"https:\/\/etcdck5h37s.exactdn.com\/wp-content\/uploads\/2022\/09\/LogoHeaderAppelezLeTech2020-2.png?strip=all&lossy=1&ssl=1","contentUrl":"https:\/\/etcdck5h37s.exactdn.com\/wp-content\/uploads\/2022\/09\/LogoHeaderAppelezLeTech2020-2.png?strip=all&lossy=1&ssl=1","width":198,"height":96,"caption":"nEcoTox"},"image":{"@id":"https:\/\/necotox.de\/#\/schema\/logo\/image\/"}}]}},"_links":{"self":[{"href":"https:\/\/necotox.de\/en\/wp-json\/wp\/v2\/pages\/3104","targetHints":{"allow":["GET"]}}],"collection":[{"href":"https:\/\/necotox.de\/en\/wp-json\/wp\/v2\/pages"}],"about":[{"href":"https:\/\/necotox.de\/en\/wp-json\/wp\/v2\/types\/page"}],"author":[{"embeddable":true,"href":"https:\/\/necotox.de\/en\/wp-json\/wp\/v2\/users\/8"}],"replies":[{"embeddable":true,"href":"https:\/\/necotox.de\/en\/wp-json\/wp\/v2\/comments?post=3104"}],"version-history":[{"count":8,"href":"https:\/\/necotox.de\/en\/wp-json\/wp\/v2\/pages\/3104\/revisions"}],"predecessor-version":[{"id":3113,"href":"https:\/\/necotox.de\/en\/wp-json\/wp\/v2\/pages\/3104\/revisions\/3113"}],"wp:featuredmedia":[{"embeddable":true,"href":"https:\/\/necotox.de\/en\/wp-json\/wp\/v2\/media\/1385"}],"wp:attachment":[{"href":"https:\/\/necotox.de\/en\/wp-json\/wp\/v2\/media?parent=3104"}],"curies":[{"name":"wp","href":"https:\/\/api.w.org\/{rel}","templated":true}]}}