{"id":311,"date":"2022-10-03T18:58:09","date_gmt":"2022-10-03T18:58:09","guid":{"rendered":"https:\/\/standard.wpdesigns.xyz\/?page_id=311"},"modified":"2025-04-24T11:43:09","modified_gmt":"2025-04-24T11:43:09","slug":"impressum","status":"publish","type":"page","link":"https:\/\/necotox.de\/en\/impressum\/","title":{"rendered":"Imprint"},"content":{"rendered":"<div data-elementor-type=\"wp-page\" data-elementor-id=\"311\" class=\"elementor elementor-311\" data-elementor-post-type=\"page\">\n\t\t\t\t<div class=\"elementor-element elementor-element-0c34bbf elementor-repeater-item-ang_container_padding_4 e-flex e-con-boxed sk-none elementor-repeater-item-none elementor-repeater-item-none_hover e-con e-parent\" data-id=\"0c34bbf\" data-element_type=\"container\" data-settings=\"{&quot;ang_container_spacing_size&quot;:&quot;ang_container_padding_4&quot;,&quot;background_background&quot;:&quot;classic&quot;}\" data-core-v316-plus=\"true\">\n\t\t\t\t\t<div class=\"e-con-inner\">\n\t\t\t\t<div class=\"elementor-element elementor-element-d61775f elementor-repeater-item-none elementor-repeater-item-none_hover elementor-widget elementor-widget-text-editor\" data-id=\"d61775f\" data-element_type=\"widget\" data-widget_type=\"text-editor.default\">\n\t\t\t\t<div class=\"elementor-widget-container\">\n\t\t\t<style>\/*! elementor - v3.20.0 - 13-03-2024 *\/\n.elementor-widget-text-editor.elementor-drop-cap-view-stacked .elementor-drop-cap{background-color:#69727d;color:#fff}.elementor-widget-text-editor.elementor-drop-cap-view-framed .elementor-drop-cap{color:#69727d;border:3px solid;background-color:transparent}.elementor-widget-text-editor:not(.elementor-drop-cap-view-default) .elementor-drop-cap{margin-top:8px}.elementor-widget-text-editor:not(.elementor-drop-cap-view-default) .elementor-drop-cap-letter{width:1em;height:1em}.elementor-widget-text-editor .elementor-drop-cap{float:left;text-align:center;line-height:1;font-size:50px}.elementor-widget-text-editor .elementor-drop-cap-letter{display:inline-block}<\/style>\t\t\t\t<h4>According to \u00a7 5 TMG:<\/h4><h5>Responsible for the content according to \u00a7 55 Abs. 2 RStV:<\/h5><p>Dr. Ricki Rosenfeldt<br \/>An der Neum\u00fchle 2<br \/>76855 Annweiler<br \/>Germany<\/p><p>USt.-ID-Nr.\/VAT DE443735431<\/p><p>Telephone: +49 6346 9661490<\/p><p>e-mail:\u00a0<a href=\"mailto:info@necotox.com\">info@necotox.de<\/a><\/p><p>Partners authorized to represent:<br \/>Dr. Ricki Rosenfeldt<\/p><p>\u00a9 Portrait photos: Christian Bullinger<\/p><h4>Disclaimer<\/h4><h5>Liability for content<\/h5><p>As a service provider, we are responsible for our own content on these pages according to Section 7, Paragraph 1 of the German Telemedia Act (TMG). According to \u00a7\u00a7 8 to 10 TMG, however, we as a service provider are not obliged to monitor transmitted or stored third-party information or to investigate circumstances that indicate illegal activity. Obligations to remove or block the use of information according to general laws remain unaffected. However, liability in this regard is only possible from the point in time at which knowledge of a specific infringement of the law is known. As soon as we become aware of any violations of the law, we will remove this content immediately.<\/p><h5>Liability for links<\/h5><p>Our offer contains links to external third-party websites, the content of which we have no influence on. Therefore we cannot assume any liability for this external content. The respective provider or operator of the pages is always responsible for the content of the linked pages. The linked pages were checked for possible legal violations at the time of linking. Illegal content was not recognizable at the time of linking. However, a permanent control of the content of the linked pages is not reasonable without concrete evidence of an infringement. As soon as we become aware of legal violations, we will remove such links immediately.<\/p><h5>Copyright<\/h5><p>The content and works on these pages created by the site operators are subject to German copyright law. The duplication, editing, distribution and any kind of exploitation outside the limits of copyright require the written consent of the respective author or creator. Downloads and copies of this site are only permitted for private, non-commercial use. Insofar as the content on this site was not created by the operator, the copyrights of third parties are observed. In particular contents of third parties are marked as such. Should you nevertheless become aware of a copyright infringement, we ask that you inform us accordingly. As soon as we become aware of legal violations, we will remove such content immediately.<\/p><h4>Data Protection Statement<\/h4><h5>Data Protection<\/h5><p>Our website can usually be used without providing any personal data. Insofar as personal data (e.g. name, address or e-mail addresses) is collected on our website, this is always done on a voluntary basis as far as possible. This data will not be passed on to third parties without your express consent.<\/p><p>We would like to point out that data transmission on the Internet (e.g. when communicating by e-mail) can have security gaps. A complete protection of the data against access by third parties is not possible.<\/p><p>The use of contact data published as part of the imprint obligation by third parties to send unsolicited advertising and information material is hereby expressly prohibited. The site operators expressly reserve the right to take legal action in the event of unsolicited advertising being sent, such as spam e-mails.<\/p>\t\t\t\t\t\t<\/div>\n\t\t\t\t<\/div>\n\t\t\t\t\t<\/div>\n\t\t\t\t<\/div>\n\t\t\t\t<\/div>","protected":false},"excerpt":{"rendered":"<p>Angaben gem\u00e4\u00df \u00a7 5 TMG: Verantwortlich f\u00fcr den Inhalt nach \u00a7 55 Abs. 2 RStV: Dr. Ricki RosenfeldtAn der Neum\u00fchle 276855 AnnweilerDeutschland USt.-ID-Nr.\/VAT DE443735431 Telefon: +49 6346 9661490 e-mail:\u00a0info@necotox.de Vertretungsberechtigte Gesellschafter:Dr. Ricki Rosenfeldt \u00a9 Portrait Fotos: Christian Bullinger Haftungsausschluss (Disclaimer) Haftung f\u00fcr Inhalte Als Diensteanbieter sind wir gem\u00e4\u00df \u00a7 7 Abs.1 TMG f\u00fcr eigene Inhalte [&hellip;]<\/p>","protected":false},"author":1,"featured_media":1681,"parent":0,"menu_order":0,"comment_status":"closed","ping_status":"closed","template":"","meta":{"footnotes":""},"class_list":["post-311","page","type-page","status-publish","has-post-thumbnail","hentry"],"yoast_head":"<!-- This site is optimized with the Yoast SEO plugin v23.8 - https:\/\/yoast.com\/wordpress\/plugins\/seo\/ -->\n<title>Impressum - nEcoTox<\/title>\n<meta name=\"robots\" content=\"index, follow, max-snippet:-1, max-image-preview:large, max-video-preview:-1\" \/>\n<link rel=\"canonical\" href=\"https:\/\/necotox.de\/en\/impressum\/\" \/>\n<meta property=\"og:locale\" content=\"en_US\" \/>\n<meta property=\"og:type\" content=\"article\" \/>\n<meta property=\"og:title\" content=\"Impressum - nEcoTox\" \/>\n<meta property=\"og:description\" content=\"Angaben gem\u00e4\u00df \u00a7 5 TMG: Verantwortlich f\u00fcr den Inhalt nach \u00a7 55 Abs. 2 RStV: Dr. Ricki RosenfeldtAn der Neum\u00fchle 276855 AnnweilerDeutschland USt.-ID-Nr.\/VAT DE443735431 Telefon: +49 6346 9661490 e-mail:\u00a0info@necotox.de Vertretungsberechtigte Gesellschafter:Dr. Ricki Rosenfeldt \u00a9 Portrait Fotos: Christian Bullinger Haftungsausschluss (Disclaimer) Haftung f\u00fcr Inhalte Als Diensteanbieter sind wir gem\u00e4\u00df \u00a7 7 Abs.1 TMG f\u00fcr eigene Inhalte [&hellip;]\" \/>\n<meta property=\"og:url\" content=\"https:\/\/necotox.de\/en\/impressum\/\" \/>\n<meta property=\"og:site_name\" content=\"nEcoTox\" \/>\n<meta property=\"article:modified_time\" content=\"2025-04-24T11:43:09+00:00\" \/>\n<meta property=\"og:image\" content=\"https:\/\/necotox.de\/wp-content\/uploads\/2023\/07\/pipetting-a-chemical-sample-into-research-glass.jpg\" \/>\n\t<meta property=\"og:image:width\" content=\"1920\" \/>\n\t<meta property=\"og:image:height\" content=\"977\" \/>\n\t<meta property=\"og:image:type\" content=\"image\/jpeg\" \/>\n<meta name=\"twitter:card\" content=\"summary_large_image\" \/>\n<meta name=\"twitter:label1\" content=\"Est. reading time\" \/>\n\t<meta name=\"twitter:data1\" content=\"2 minutes\" \/>\n<script type=\"application\/ld+json\" class=\"yoast-schema-graph\">{\"@context\":\"https:\/\/schema.org\",\"@graph\":[{\"@type\":\"WebPage\",\"@id\":\"https:\/\/necotox.de\/impressum\/\",\"url\":\"https:\/\/necotox.de\/impressum\/\",\"name\":\"Impressum - nEcoTox\",\"isPartOf\":{\"@id\":\"https:\/\/necotox.de\/#website\"},\"primaryImageOfPage\":{\"@id\":\"https:\/\/necotox.de\/impressum\/#primaryimage\"},\"image\":{\"@id\":\"https:\/\/necotox.de\/impressum\/#primaryimage\"},\"thumbnailUrl\":\"https:\/\/etcdck5h37s.exactdn.com\/wp-content\/uploads\/2023\/07\/pipetting-a-chemical-sample-into-research-glass.jpg?strip=all&lossy=1&ssl=1\",\"datePublished\":\"2022-10-03T18:58:09+00:00\",\"dateModified\":\"2025-04-24T11:43:09+00:00\",\"breadcrumb\":{\"@id\":\"https:\/\/necotox.de\/impressum\/#breadcrumb\"},\"inLanguage\":\"en-US\",\"potentialAction\":[{\"@type\":\"ReadAction\",\"target\":[\"https:\/\/necotox.de\/impressum\/\"]}]},{\"@type\":\"ImageObject\",\"inLanguage\":\"en-US\",\"@id\":\"https:\/\/necotox.de\/impressum\/#primaryimage\",\"url\":\"https:\/\/etcdck5h37s.exactdn.com\/wp-content\/uploads\/2023\/07\/pipetting-a-chemical-sample-into-research-glass.jpg?strip=all&lossy=1&ssl=1\",\"contentUrl\":\"https:\/\/etcdck5h37s.exactdn.com\/wp-content\/uploads\/2023\/07\/pipetting-a-chemical-sample-into-research-glass.jpg?strip=all&lossy=1&ssl=1\",\"width\":1920,\"height\":977},{\"@type\":\"BreadcrumbList\",\"@id\":\"https:\/\/necotox.de\/impressum\/#breadcrumb\",\"itemListElement\":[{\"@type\":\"ListItem\",\"position\":1,\"name\":\"Startseite\",\"item\":\"https:\/\/necotox.de\/\"},{\"@type\":\"ListItem\",\"position\":2,\"name\":\"Impressum\"}]},{\"@type\":\"WebSite\",\"@id\":\"https:\/\/necotox.de\/#website\",\"url\":\"https:\/\/necotox.de\/\",\"name\":\"nEcoTox\",\"description\":\"We test nanomaterials.\",\"publisher\":{\"@id\":\"https:\/\/necotox.de\/#organization\"},\"potentialAction\":[{\"@type\":\"SearchAction\",\"target\":{\"@type\":\"EntryPoint\",\"urlTemplate\":\"https:\/\/necotox.de\/?s={search_term_string}\"},\"query-input\":{\"@type\":\"PropertyValueSpecification\",\"valueRequired\":true,\"valueName\":\"search_term_string\"}}],\"inLanguage\":\"en-US\"},{\"@type\":\"Organization\",\"@id\":\"https:\/\/necotox.de\/#organization\",\"name\":\"nEcoTox\",\"url\":\"https:\/\/necotox.de\/\",\"logo\":{\"@type\":\"ImageObject\",\"inLanguage\":\"en-US\",\"@id\":\"https:\/\/necotox.de\/#\/schema\/logo\/image\/\",\"url\":\"https:\/\/etcdck5h37s.exactdn.com\/wp-content\/uploads\/2022\/09\/LogoHeaderAppelezLeTech2020-2.png?strip=all&lossy=1&ssl=1\",\"contentUrl\":\"https:\/\/etcdck5h37s.exactdn.com\/wp-content\/uploads\/2022\/09\/LogoHeaderAppelezLeTech2020-2.png?strip=all&lossy=1&ssl=1\",\"width\":198,\"height\":96,\"caption\":\"nEcoTox\"},\"image\":{\"@id\":\"https:\/\/necotox.de\/#\/schema\/logo\/image\/\"}}]}<\/script>\n<!-- \/ Yoast SEO plugin. -->","yoast_head_json":{"title":"Impressum - nEcoTox","robots":{"index":"index","follow":"follow","max-snippet":"max-snippet:-1","max-image-preview":"max-image-preview:large","max-video-preview":"max-video-preview:-1"},"canonical":"https:\/\/necotox.de\/en\/impressum\/","og_locale":"en_US","og_type":"article","og_title":"Impressum - nEcoTox","og_description":"Angaben gem\u00e4\u00df \u00a7 5 TMG: Verantwortlich f\u00fcr den Inhalt nach \u00a7 55 Abs. 2 RStV: Dr. Ricki RosenfeldtAn der Neum\u00fchle 276855 AnnweilerDeutschland USt.-ID-Nr.\/VAT DE443735431 Telefon: +49 6346 9661490 e-mail:\u00a0info@necotox.de Vertretungsberechtigte Gesellschafter:Dr. Ricki Rosenfeldt \u00a9 Portrait Fotos: Christian Bullinger Haftungsausschluss (Disclaimer) Haftung f\u00fcr Inhalte Als Diensteanbieter sind wir gem\u00e4\u00df \u00a7 7 Abs.1 TMG f\u00fcr eigene Inhalte [&hellip;]","og_url":"https:\/\/necotox.de\/en\/impressum\/","og_site_name":"nEcoTox","article_modified_time":"2025-04-24T11:43:09+00:00","og_image":[{"width":1920,"height":977,"url":"https:\/\/necotox.de\/wp-content\/uploads\/2023\/07\/pipetting-a-chemical-sample-into-research-glass.jpg","type":"image\/jpeg"}],"twitter_card":"summary_large_image","twitter_misc":{"Est. reading time":"2 minutes"},"schema":{"@context":"https:\/\/schema.org","@graph":[{"@type":"WebPage","@id":"https:\/\/necotox.de\/impressum\/","url":"https:\/\/necotox.de\/impressum\/","name":"Impressum - nEcoTox","isPartOf":{"@id":"https:\/\/necotox.de\/#website"},"primaryImageOfPage":{"@id":"https:\/\/necotox.de\/impressum\/#primaryimage"},"image":{"@id":"https:\/\/necotox.de\/impressum\/#primaryimage"},"thumbnailUrl":"https:\/\/etcdck5h37s.exactdn.com\/wp-content\/uploads\/2023\/07\/pipetting-a-chemical-sample-into-research-glass.jpg?strip=all&lossy=1&ssl=1","datePublished":"2022-10-03T18:58:09+00:00","dateModified":"2025-04-24T11:43:09+00:00","breadcrumb":{"@id":"https:\/\/necotox.de\/impressum\/#breadcrumb"},"inLanguage":"en-US","potentialAction":[{"@type":"ReadAction","target":["https:\/\/necotox.de\/impressum\/"]}]},{"@type":"ImageObject","inLanguage":"en-US","@id":"https:\/\/necotox.de\/impressum\/#primaryimage","url":"https:\/\/etcdck5h37s.exactdn.com\/wp-content\/uploads\/2023\/07\/pipetting-a-chemical-sample-into-research-glass.jpg?strip=all&lossy=1&ssl=1","contentUrl":"https:\/\/etcdck5h37s.exactdn.com\/wp-content\/uploads\/2023\/07\/pipetting-a-chemical-sample-into-research-glass.jpg?strip=all&lossy=1&ssl=1","width":1920,"height":977},{"@type":"BreadcrumbList","@id":"https:\/\/necotox.de\/impressum\/#breadcrumb","itemListElement":[{"@type":"ListItem","position":1,"name":"Startseite","item":"https:\/\/necotox.de\/"},{"@type":"ListItem","position":2,"name":"Impressum"}]},{"@type":"WebSite","@id":"https:\/\/necotox.de\/#website","url":"https:\/\/necotox.de\/","name":"nEcoTox","description":"We test nanomaterials.","publisher":{"@id":"https:\/\/necotox.de\/#organization"},"potentialAction":[{"@type":"SearchAction","target":{"@type":"EntryPoint","urlTemplate":"https:\/\/necotox.de\/?s={search_term_string}"},"query-input":{"@type":"PropertyValueSpecification","valueRequired":true,"valueName":"search_term_string"}}],"inLanguage":"en-US"},{"@type":"Organization","@id":"https:\/\/necotox.de\/#organization","name":"nEcoTox","url":"https:\/\/necotox.de\/","logo":{"@type":"ImageObject","inLanguage":"en-US","@id":"https:\/\/necotox.de\/#\/schema\/logo\/image\/","url":"https:\/\/etcdck5h37s.exactdn.com\/wp-content\/uploads\/2022\/09\/LogoHeaderAppelezLeTech2020-2.png?strip=all&lossy=1&ssl=1","contentUrl":"https:\/\/etcdck5h37s.exactdn.com\/wp-content\/uploads\/2022\/09\/LogoHeaderAppelezLeTech2020-2.png?strip=all&lossy=1&ssl=1","width":198,"height":96,"caption":"nEcoTox"},"image":{"@id":"https:\/\/necotox.de\/#\/schema\/logo\/image\/"}}]}},"_links":{"self":[{"href":"https:\/\/necotox.de\/en\/wp-json\/wp\/v2\/pages\/311","targetHints":{"allow":["GET"]}}],"collection":[{"href":"https:\/\/necotox.de\/en\/wp-json\/wp\/v2\/pages"}],"about":[{"href":"https:\/\/necotox.de\/en\/wp-json\/wp\/v2\/types\/page"}],"author":[{"embeddable":true,"href":"https:\/\/necotox.de\/en\/wp-json\/wp\/v2\/users\/1"}],"replies":[{"embeddable":true,"href":"https:\/\/necotox.de\/en\/wp-json\/wp\/v2\/comments?post=311"}],"version-history":[{"count":10,"href":"https:\/\/necotox.de\/en\/wp-json\/wp\/v2\/pages\/311\/revisions"}],"predecessor-version":[{"id":3259,"href":"https:\/\/necotox.de\/en\/wp-json\/wp\/v2\/pages\/311\/revisions\/3259"}],"wp:featuredmedia":[{"embeddable":true,"href":"https:\/\/necotox.de\/en\/wp-json\/wp\/v2\/media\/1681"}],"wp:attachment":[{"href":"https:\/\/necotox.de\/en\/wp-json\/wp\/v2\/media?parent=311"}],"curies":[{"name":"wp","href":"https:\/\/api.w.org\/{rel}","templated":true}]}}