{"id":3184,"date":"2024-01-05T13:38:29","date_gmt":"2024-01-05T13:38:29","guid":{"rendered":"https:\/\/necotox.de\/?page_id=3184"},"modified":"2024-01-05T13:41:46","modified_gmt":"2024-01-05T13:41:46","slug":"testing-nanomaterials-the-report","status":"publish","type":"page","link":"https:\/\/necotox.de\/en\/testing-nanomaterials-the-report\/","title":{"rendered":"Report &#8211; Testing Nanomaterials"},"content":{"rendered":"<div data-elementor-type=\"wp-page\" data-elementor-id=\"3184\" class=\"elementor elementor-3184\" data-elementor-post-type=\"page\">\n\t\t\t\t<div class=\"elementor-element elementor-element-3b6992b0 e-flex e-con-boxed elementor-repeater-item-default_padding elementor-repeater-item-none elementor-repeater-item-none_hover e-con e-parent\" data-id=\"3b6992b0\" data-element_type=\"container\" data-settings=\"{&quot;ang_container_spacing_size&quot;:&quot;default_padding&quot;}\" data-core-v316-plus=\"true\">\n\t\t\t\t\t<div class=\"e-con-inner\">\n\t\t\t\t<div class=\"elementor-element elementor-element-2101cef9 elementor-repeater-item-none elementor-repeater-item-none_hover elementor-widget elementor-widget-spacer\" data-id=\"2101cef9\" data-element_type=\"widget\" data-widget_type=\"spacer.default\">\n\t\t\t\t<div class=\"elementor-widget-container\">\n\t\t\t<style>\/*! elementor - v3.20.0 - 13-03-2024 *\/\n.elementor-column .elementor-spacer-inner{height:var(--spacer-size)}.e-con{--container-widget-width:100%}.e-con-inner>.elementor-widget-spacer,.e-con>.elementor-widget-spacer{width:var(--container-widget-width,var(--spacer-size));--align-self:var(--container-widget-align-self,initial);--flex-shrink:0}.e-con-inner>.elementor-widget-spacer>.elementor-widget-container,.e-con>.elementor-widget-spacer>.elementor-widget-container{height:100%;width:100%}.e-con-inner>.elementor-widget-spacer>.elementor-widget-container>.elementor-spacer,.e-con>.elementor-widget-spacer>.elementor-widget-container>.elementor-spacer{height:100%}.e-con-inner>.elementor-widget-spacer>.elementor-widget-container>.elementor-spacer>.elementor-spacer-inner,.e-con>.elementor-widget-spacer>.elementor-widget-container>.elementor-spacer>.elementor-spacer-inner{height:var(--container-widget-height,var(--spacer-size))}.e-con-inner>.elementor-widget-spacer.elementor-widget-empty,.e-con>.elementor-widget-spacer.elementor-widget-empty{position:relative;min-height:22px;min-width:22px}.e-con-inner>.elementor-widget-spacer.elementor-widget-empty .elementor-widget-empty-icon,.e-con>.elementor-widget-spacer.elementor-widget-empty .elementor-widget-empty-icon{position:absolute;top:0;bottom:0;left:0;right:0;margin:auto;padding:0;width:22px;height:22px}<\/style>\t\t<div class=\"elementor-spacer\">\n\t\t\t<div class=\"elementor-spacer-inner\"><\/div>\n\t\t<\/div>\n\t\t\t\t<\/div>\n\t\t\t\t<\/div>\n\t\t\t\t<div class=\"elementor-element elementor-element-51cfa851 elementor-repeater-item-none elementor-repeater-item-none_hover elementor-widget elementor-widget-heading\" data-id=\"51cfa851\" data-element_type=\"widget\" data-widget_type=\"heading.default\">\n\t\t\t\t<div class=\"elementor-widget-container\">\n\t\t\t<style>\/*! elementor - v3.20.0 - 13-03-2024 *\/\n.elementor-heading-title{padding:0;margin:0;line-height:1}.elementor-widget-heading .elementor-heading-title[class*=elementor-size-]>a{color:inherit;font-size:inherit;line-height:inherit}.elementor-widget-heading .elementor-heading-title.elementor-size-small{font-size:15px}.elementor-widget-heading .elementor-heading-title.elementor-size-medium{font-size:19px}.elementor-widget-heading .elementor-heading-title.elementor-size-large{font-size:29px}.elementor-widget-heading .elementor-heading-title.elementor-size-xl{font-size:39px}.elementor-widget-heading .elementor-heading-title.elementor-size-xxl{font-size:59px}<\/style><h2 class=\"elementor-heading-title elementor-size-default\">Thank you for your trust<\/h2>\t\t<\/div>\n\t\t\t\t<\/div>\n\t\t\t\t\t<\/div>\n\t\t\t\t<\/div>\n\t\t<div class=\"elementor-element elementor-element-748da0f7 e-flex e-con-boxed elementor-repeater-item-default_padding elementor-repeater-item-none elementor-repeater-item-none_hover e-con e-parent\" data-id=\"748da0f7\" data-element_type=\"container\" data-settings=\"{&quot;ang_container_spacing_size&quot;:&quot;default_padding&quot;}\" data-core-v316-plus=\"true\">\n\t\t\t\t\t<div class=\"e-con-inner\">\n\t\t\t\t<div class=\"elementor-element elementor-element-49498544 elementor-repeater-item-none elementor-repeater-item-none_hover elementor-widget elementor-widget-spacer\" data-id=\"49498544\" data-element_type=\"widget\" data-widget_type=\"spacer.default\">\n\t\t\t\t<div class=\"elementor-widget-container\">\n\t\t\t\t\t<div class=\"elementor-spacer\">\n\t\t\t<div class=\"elementor-spacer-inner\"><\/div>\n\t\t<\/div>\n\t\t\t\t<\/div>\n\t\t\t\t<\/div>\n\t\t\t\t<div class=\"elementor-element elementor-element-2b09d309 elementor-repeater-item-none elementor-repeater-item-none_hover elementor-widget elementor-widget-text-editor\" data-id=\"2b09d309\" data-element_type=\"widget\" data-widget_type=\"text-editor.default\">\n\t\t\t\t<div class=\"elementor-widget-container\">\n\t\t\t<style>\/*! elementor - v3.20.0 - 13-03-2024 *\/\n.elementor-widget-text-editor.elementor-drop-cap-view-stacked .elementor-drop-cap{background-color:#69727d;color:#fff}.elementor-widget-text-editor.elementor-drop-cap-view-framed .elementor-drop-cap{color:#69727d;border:3px solid;background-color:transparent}.elementor-widget-text-editor:not(.elementor-drop-cap-view-default) .elementor-drop-cap{margin-top:8px}.elementor-widget-text-editor:not(.elementor-drop-cap-view-default) .elementor-drop-cap-letter{width:1em;height:1em}.elementor-widget-text-editor .elementor-drop-cap{float:left;text-align:center;line-height:1;font-size:50px}.elementor-widget-text-editor .elementor-drop-cap-letter{display:inline-block}<\/style>\t\t\t\t<p style=\"text-align: center;\">Have fun with our report on testing nanomaterials!<\/p>\n<p style=\"text-align: center;\">Kind regards,<br>Ricki Rosenfeldt<\/p>\t\t\t\t\t\t<\/div>\n\t\t\t\t<\/div>\n\t\t\t\t<div class=\"elementor-element elementor-element-40c667de elementor-repeater-item-none elementor-repeater-item-none_hover elementor-widget elementor-widget-spacer\" data-id=\"40c667de\" data-element_type=\"widget\" data-widget_type=\"spacer.default\">\n\t\t\t\t<div class=\"elementor-widget-container\">\n\t\t\t\t\t<div class=\"elementor-spacer\">\n\t\t\t<div class=\"elementor-spacer-inner\"><\/div>\n\t\t<\/div>\n\t\t\t\t<\/div>\n\t\t\t\t<\/div>\n\t\t\t\t\t<\/div>\n\t\t\t\t<\/div>\n\t\t\t\t<\/div>","protected":false},"excerpt":{"rendered":"<p>Besten Dank f\u00fcr Ihr Vertrauen Viel Spa\u00df mit unserem Report zur Testung von Nanomaterialien! Herzliche Gr\u00fc\u00dfe,Ricki Rosenfeldt<\/p>","protected":false},"author":8,"featured_media":1678,"parent":0,"menu_order":0,"comment_status":"closed","ping_status":"closed","template":"","meta":{"footnotes":""},"class_list":["post-3184","page","type-page","status-publish","has-post-thumbnail","hentry"],"yoast_head":"<!-- This site is optimized with the Yoast SEO plugin v23.8 - https:\/\/yoast.com\/wordpress\/plugins\/seo\/ -->\n<title>Report - Testing Nanomaterials - nEcoTox<\/title>\n<meta name=\"robots\" content=\"index, follow, max-snippet:-1, max-image-preview:large, max-video-preview:-1\" \/>\n<link rel=\"canonical\" href=\"https:\/\/necotox.de\/en\/testing-nanomaterials-the-report\/\" \/>\n<meta property=\"og:locale\" content=\"en_US\" \/>\n<meta property=\"og:type\" content=\"article\" \/>\n<meta property=\"og:title\" content=\"Report - Testing Nanomaterials - nEcoTox\" \/>\n<meta property=\"og:description\" content=\"Besten Dank f\u00fcr Ihr Vertrauen Viel Spa\u00df mit unserem Report zur Testung von Nanomaterialien! Herzliche Gr\u00fc\u00dfe,Ricki Rosenfeldt\" \/>\n<meta property=\"og:url\" content=\"https:\/\/necotox.de\/en\/testing-nanomaterials-the-report\/\" \/>\n<meta property=\"og:site_name\" content=\"nEcoTox\" \/>\n<meta property=\"article:modified_time\" content=\"2024-01-05T13:41:46+00:00\" \/>\n<meta property=\"og:image\" content=\"https:\/\/necotox.de\/wp-content\/uploads\/2023\/07\/scientist-hand-hold-test-tubes-filled-with-blue-sa.jpg\" \/>\n\t<meta property=\"og:image:width\" content=\"1920\" \/>\n\t<meta property=\"og:image:height\" content=\"1280\" \/>\n\t<meta property=\"og:image:type\" content=\"image\/jpeg\" \/>\n<meta name=\"twitter:card\" content=\"summary_large_image\" \/>\n<meta name=\"twitter:label1\" content=\"Est. reading time\" \/>\n\t<meta name=\"twitter:data1\" content=\"1 minute\" \/>\n<script type=\"application\/ld+json\" class=\"yoast-schema-graph\">{\"@context\":\"https:\/\/schema.org\",\"@graph\":[{\"@type\":\"WebPage\",\"@id\":\"https:\/\/necotox.de\/testing-nanomaterials-the-report\/\",\"url\":\"https:\/\/necotox.de\/testing-nanomaterials-the-report\/\",\"name\":\"Report - Testing Nanomaterials - nEcoTox\",\"isPartOf\":{\"@id\":\"https:\/\/necotox.de\/#website\"},\"primaryImageOfPage\":{\"@id\":\"https:\/\/necotox.de\/testing-nanomaterials-the-report\/#primaryimage\"},\"image\":{\"@id\":\"https:\/\/necotox.de\/testing-nanomaterials-the-report\/#primaryimage\"},\"thumbnailUrl\":\"https:\/\/etcdck5h37s.exactdn.com\/wp-content\/uploads\/2023\/07\/scientist-hand-hold-test-tubes-filled-with-blue-sa.jpg?strip=all&lossy=1&ssl=1\",\"datePublished\":\"2024-01-05T13:38:29+00:00\",\"dateModified\":\"2024-01-05T13:41:46+00:00\",\"breadcrumb\":{\"@id\":\"https:\/\/necotox.de\/testing-nanomaterials-the-report\/#breadcrumb\"},\"inLanguage\":\"en-US\",\"potentialAction\":[{\"@type\":\"ReadAction\",\"target\":[\"https:\/\/necotox.de\/testing-nanomaterials-the-report\/\"]}]},{\"@type\":\"ImageObject\",\"inLanguage\":\"en-US\",\"@id\":\"https:\/\/necotox.de\/testing-nanomaterials-the-report\/#primaryimage\",\"url\":\"https:\/\/etcdck5h37s.exactdn.com\/wp-content\/uploads\/2023\/07\/scientist-hand-hold-test-tubes-filled-with-blue-sa.jpg?strip=all&lossy=1&ssl=1\",\"contentUrl\":\"https:\/\/etcdck5h37s.exactdn.com\/wp-content\/uploads\/2023\/07\/scientist-hand-hold-test-tubes-filled-with-blue-sa.jpg?strip=all&lossy=1&ssl=1\",\"width\":1920,\"height\":1280},{\"@type\":\"BreadcrumbList\",\"@id\":\"https:\/\/necotox.de\/testing-nanomaterials-the-report\/#breadcrumb\",\"itemListElement\":[{\"@type\":\"ListItem\",\"position\":1,\"name\":\"Startseite\",\"item\":\"https:\/\/necotox.de\/\"},{\"@type\":\"ListItem\",\"position\":2,\"name\":\"Report &#8211; Testing Nanomaterials\"}]},{\"@type\":\"WebSite\",\"@id\":\"https:\/\/necotox.de\/#website\",\"url\":\"https:\/\/necotox.de\/\",\"name\":\"nEcoTox\",\"description\":\"We test nanomaterials.\",\"publisher\":{\"@id\":\"https:\/\/necotox.de\/#organization\"},\"potentialAction\":[{\"@type\":\"SearchAction\",\"target\":{\"@type\":\"EntryPoint\",\"urlTemplate\":\"https:\/\/necotox.de\/?s={search_term_string}\"},\"query-input\":{\"@type\":\"PropertyValueSpecification\",\"valueRequired\":true,\"valueName\":\"search_term_string\"}}],\"inLanguage\":\"en-US\"},{\"@type\":\"Organization\",\"@id\":\"https:\/\/necotox.de\/#organization\",\"name\":\"nEcoTox\",\"url\":\"https:\/\/necotox.de\/\",\"logo\":{\"@type\":\"ImageObject\",\"inLanguage\":\"en-US\",\"@id\":\"https:\/\/necotox.de\/#\/schema\/logo\/image\/\",\"url\":\"https:\/\/etcdck5h37s.exactdn.com\/wp-content\/uploads\/2022\/09\/LogoHeaderAppelezLeTech2020-2.png?strip=all&lossy=1&ssl=1\",\"contentUrl\":\"https:\/\/etcdck5h37s.exactdn.com\/wp-content\/uploads\/2022\/09\/LogoHeaderAppelezLeTech2020-2.png?strip=all&lossy=1&ssl=1\",\"width\":198,\"height\":96,\"caption\":\"nEcoTox\"},\"image\":{\"@id\":\"https:\/\/necotox.de\/#\/schema\/logo\/image\/\"}}]}<\/script>\n<!-- \/ Yoast SEO plugin. -->","yoast_head_json":{"title":"Report - Testing Nanomaterials - nEcoTox","robots":{"index":"index","follow":"follow","max-snippet":"max-snippet:-1","max-image-preview":"max-image-preview:large","max-video-preview":"max-video-preview:-1"},"canonical":"https:\/\/necotox.de\/en\/testing-nanomaterials-the-report\/","og_locale":"en_US","og_type":"article","og_title":"Report - Testing Nanomaterials - nEcoTox","og_description":"Besten Dank f\u00fcr Ihr Vertrauen Viel Spa\u00df mit unserem Report zur Testung von Nanomaterialien! Herzliche Gr\u00fc\u00dfe,Ricki Rosenfeldt","og_url":"https:\/\/necotox.de\/en\/testing-nanomaterials-the-report\/","og_site_name":"nEcoTox","article_modified_time":"2024-01-05T13:41:46+00:00","og_image":[{"width":1920,"height":1280,"url":"https:\/\/necotox.de\/wp-content\/uploads\/2023\/07\/scientist-hand-hold-test-tubes-filled-with-blue-sa.jpg","type":"image\/jpeg"}],"twitter_card":"summary_large_image","twitter_misc":{"Est. reading time":"1 minute"},"schema":{"@context":"https:\/\/schema.org","@graph":[{"@type":"WebPage","@id":"https:\/\/necotox.de\/testing-nanomaterials-the-report\/","url":"https:\/\/necotox.de\/testing-nanomaterials-the-report\/","name":"Report - Testing Nanomaterials - nEcoTox","isPartOf":{"@id":"https:\/\/necotox.de\/#website"},"primaryImageOfPage":{"@id":"https:\/\/necotox.de\/testing-nanomaterials-the-report\/#primaryimage"},"image":{"@id":"https:\/\/necotox.de\/testing-nanomaterials-the-report\/#primaryimage"},"thumbnailUrl":"https:\/\/etcdck5h37s.exactdn.com\/wp-content\/uploads\/2023\/07\/scientist-hand-hold-test-tubes-filled-with-blue-sa.jpg?strip=all&lossy=1&ssl=1","datePublished":"2024-01-05T13:38:29+00:00","dateModified":"2024-01-05T13:41:46+00:00","breadcrumb":{"@id":"https:\/\/necotox.de\/testing-nanomaterials-the-report\/#breadcrumb"},"inLanguage":"en-US","potentialAction":[{"@type":"ReadAction","target":["https:\/\/necotox.de\/testing-nanomaterials-the-report\/"]}]},{"@type":"ImageObject","inLanguage":"en-US","@id":"https:\/\/necotox.de\/testing-nanomaterials-the-report\/#primaryimage","url":"https:\/\/etcdck5h37s.exactdn.com\/wp-content\/uploads\/2023\/07\/scientist-hand-hold-test-tubes-filled-with-blue-sa.jpg?strip=all&lossy=1&ssl=1","contentUrl":"https:\/\/etcdck5h37s.exactdn.com\/wp-content\/uploads\/2023\/07\/scientist-hand-hold-test-tubes-filled-with-blue-sa.jpg?strip=all&lossy=1&ssl=1","width":1920,"height":1280},{"@type":"BreadcrumbList","@id":"https:\/\/necotox.de\/testing-nanomaterials-the-report\/#breadcrumb","itemListElement":[{"@type":"ListItem","position":1,"name":"Startseite","item":"https:\/\/necotox.de\/"},{"@type":"ListItem","position":2,"name":"Report &#8211; Testing Nanomaterials"}]},{"@type":"WebSite","@id":"https:\/\/necotox.de\/#website","url":"https:\/\/necotox.de\/","name":"nEcoTox","description":"We test nanomaterials.","publisher":{"@id":"https:\/\/necotox.de\/#organization"},"potentialAction":[{"@type":"SearchAction","target":{"@type":"EntryPoint","urlTemplate":"https:\/\/necotox.de\/?s={search_term_string}"},"query-input":{"@type":"PropertyValueSpecification","valueRequired":true,"valueName":"search_term_string"}}],"inLanguage":"en-US"},{"@type":"Organization","@id":"https:\/\/necotox.de\/#organization","name":"nEcoTox","url":"https:\/\/necotox.de\/","logo":{"@type":"ImageObject","inLanguage":"en-US","@id":"https:\/\/necotox.de\/#\/schema\/logo\/image\/","url":"https:\/\/etcdck5h37s.exactdn.com\/wp-content\/uploads\/2022\/09\/LogoHeaderAppelezLeTech2020-2.png?strip=all&lossy=1&ssl=1","contentUrl":"https:\/\/etcdck5h37s.exactdn.com\/wp-content\/uploads\/2022\/09\/LogoHeaderAppelezLeTech2020-2.png?strip=all&lossy=1&ssl=1","width":198,"height":96,"caption":"nEcoTox"},"image":{"@id":"https:\/\/necotox.de\/#\/schema\/logo\/image\/"}}]}},"_links":{"self":[{"href":"https:\/\/necotox.de\/en\/wp-json\/wp\/v2\/pages\/3184","targetHints":{"allow":["GET"]}}],"collection":[{"href":"https:\/\/necotox.de\/en\/wp-json\/wp\/v2\/pages"}],"about":[{"href":"https:\/\/necotox.de\/en\/wp-json\/wp\/v2\/types\/page"}],"author":[{"embeddable":true,"href":"https:\/\/necotox.de\/en\/wp-json\/wp\/v2\/users\/8"}],"replies":[{"embeddable":true,"href":"https:\/\/necotox.de\/en\/wp-json\/wp\/v2\/comments?post=3184"}],"version-history":[{"count":9,"href":"https:\/\/necotox.de\/en\/wp-json\/wp\/v2\/pages\/3184\/revisions"}],"predecessor-version":[{"id":3194,"href":"https:\/\/necotox.de\/en\/wp-json\/wp\/v2\/pages\/3184\/revisions\/3194"}],"wp:featuredmedia":[{"embeddable":true,"href":"https:\/\/necotox.de\/en\/wp-json\/wp\/v2\/media\/1678"}],"wp:attachment":[{"href":"https:\/\/necotox.de\/en\/wp-json\/wp\/v2\/media?parent=3184"}],"curies":[{"name":"wp","href":"https:\/\/api.w.org\/{rel}","templated":true}]}}